{"id":7416,"date":"2023-06-17T16:04:17","date_gmt":"2023-06-17T14:04:17","guid":{"rendered":"https:\/\/www2.televrin.de\/skupine\/"},"modified":"2023-09-17T23:48:00","modified_gmt":"2023-09-17T21:48:00","slug":"skupine","status":"publish","type":"page","link":"https:\/\/www.televrin.com\/hr\/skupine\/","title":{"rendered":"skupine"},"content":{"rendered":"\t\t<div data-elementor-type=\"wp-page\" data-elementor-id=\"7416\" class=\"elementor elementor-7416 elementor-4628\">\n\t\t\t\t\t\t<section class=\"elementor-section elementor-top-section elementor-element elementor-element-688c6e4 elementor-section-boxed elementor-section-height-default elementor-section-height-default\" data-id=\"688c6e4\" data-element_type=\"section\">\n\t\t\t\t\t\t<div class=\"elementor-container elementor-column-gap-default\">\n\t\t\t\t\t<div class=\"elementor-column elementor-col-100 elementor-top-column elementor-element elementor-element-1a74f63\" data-id=\"1a74f63\" data-element_type=\"column\">\n\t\t\t<div class=\"elementor-widget-wrap elementor-element-populated\">\n\t\t\t\t\t\t<div class=\"elementor-element elementor-element-20b8824 elementor-arrows-position-inside elementor-pagination-position-outside elementor-widget elementor-widget-image-carousel\" data-id=\"20b8824\" data-element_type=\"widget\" data-settings=\"{&quot;navigation&quot;:&quot;both&quot;,&quot;autoplay&quot;:&quot;yes&quot;,&quot;pause_on_hover&quot;:&quot;yes&quot;,&quot;pause_on_interaction&quot;:&quot;yes&quot;,&quot;autoplay_speed&quot;:5000,&quot;infinite&quot;:&quot;yes&quot;,&quot;speed&quot;:500}\" data-widget_type=\"image-carousel.default\">\n\t\t\t\t<div class=\"elementor-widget-container\">\n\t\t\t<style>\/*! elementor - v3.23.0 - 05-08-2024 *\/\n.elementor-widget-image-carousel .swiper,.elementor-widget-image-carousel .swiper-container{position:static}.elementor-widget-image-carousel .swiper-container .swiper-slide figure,.elementor-widget-image-carousel .swiper .swiper-slide figure{line-height:inherit}.elementor-widget-image-carousel .swiper-slide{text-align:center}.elementor-image-carousel-wrapper:not(.swiper-container-initialized):not(.swiper-initialized) .swiper-slide{max-width:calc(100% \/ var(--e-image-carousel-slides-to-show, 3))}<\/style>\t\t<div class=\"elementor-image-carousel-wrapper swiper\" dir=\"ltr\">\n\t\t\t<div class=\"elementor-image-carousel swiper-wrapper\" aria-live=\"off\">\n\t\t\t\t\t\t\t\t<div class=\"swiper-slide\" role=\"group\" aria-roledescription=\"slide\" aria-label=\"1 of 4\"><figure class=\"swiper-slide-inner\"><img decoding=\"async\" class=\"swiper-slide-image\" src=\"https:\/\/www.televrin.com\/wp-content\/uploads\/2023\/06\/televrin_aktivitaeten_4_wander_620-370x260.jpg\" alt=\"televrin_aktivitaeten_4_wander_620\" \/><\/figure><\/div><div class=\"swiper-slide\" role=\"group\" aria-roledescription=\"slide\" aria-label=\"2 of 4\"><figure class=\"swiper-slide-inner\"><img decoding=\"async\" class=\"swiper-slide-image\" src=\"https:\/\/www.televrin.com\/wp-content\/uploads\/2023\/06\/televrin_aktivitaeten_5_kultur_620-370x260.jpg\" alt=\"televrin_aktivitaeten_5_kultur_620\" \/><\/figure><\/div><div class=\"swiper-slide\" role=\"group\" aria-roledescription=\"slide\" aria-label=\"3 of 4\"><figure class=\"swiper-slide-inner\"><img decoding=\"async\" class=\"swiper-slide-image\" src=\"https:\/\/www.televrin.com\/wp-content\/uploads\/2023\/06\/televrin_aktivitaeten_2_wandern_620-370x260.jpg\" alt=\"televrin_aktivitaeten_2_wandern_620\" \/><\/figure><\/div><div class=\"swiper-slide\" role=\"group\" aria-roledescription=\"slide\" aria-label=\"4 of 4\"><figure class=\"swiper-slide-inner\"><img decoding=\"async\" class=\"swiper-slide-image\" src=\"https:\/\/www.televrin.com\/wp-content\/uploads\/2023\/06\/televrin_aktivitaeten_3_sonne_620-370x260.jpg\" alt=\"televrin_aktivitaeten_3_sonne_620\" \/><\/figure><\/div>\t\t\t<\/div>\n\t\t\t\t\t\t\t\t\t\t\t\t<div class=\"elementor-swiper-button elementor-swiper-button-prev\" role=\"button\" tabindex=\"0\">\n\t\t\t\t\t\t<i aria-hidden=\"true\" class=\"eicon-chevron-left\"><\/i>\t\t\t\t\t<\/div>\n\t\t\t\t\t<div class=\"elementor-swiper-button elementor-swiper-button-next\" role=\"button\" tabindex=\"0\">\n\t\t\t\t\t\t<i aria-hidden=\"true\" class=\"eicon-chevron-right\"><\/i>\t\t\t\t\t<\/div>\n\t\t\t\t\n\t\t\t\t\t\t\t\t\t<div class=\"swiper-pagination\"><\/div>\n\t\t\t\t\t\t\t\t\t<\/div>\n\t\t\t\t<\/div>\n\t\t\t\t<\/div>\n\t\t\t\t\t<\/div>\n\t\t<\/div>\n\t\t\t\t\t<\/div>\n\t\t<\/section>\n\t\t\t\t<section class=\"elementor-section elementor-top-section elementor-element elementor-element-ec64e5f elementor-section-boxed elementor-section-height-default elementor-section-height-default\" data-id=\"ec64e5f\" data-element_type=\"section\">\n\t\t\t\t\t\t<div class=\"elementor-container elementor-column-gap-default\">\n\t\t\t\t\t<div class=\"elementor-column elementor-col-100 elementor-top-column elementor-element elementor-element-ec74cb1\" data-id=\"ec74cb1\" data-element_type=\"column\">\n\t\t\t<div class=\"elementor-widget-wrap elementor-element-populated\">\n\t\t\t\t\t\t<div class=\"elementor-element elementor-element-69331a8 elementor-widget elementor-widget-text-editor\" data-id=\"69331a8\" data-element_type=\"widget\" data-widget_type=\"text-editor.default\">\n\t\t\t\t<div class=\"elementor-widget-container\">\n\t\t\t<style>\/*! elementor - v3.23.0 - 05-08-2024 *\/\n.elementor-widget-text-editor.elementor-drop-cap-view-stacked .elementor-drop-cap{background-color:#69727d;color:#fff}.elementor-widget-text-editor.elementor-drop-cap-view-framed .elementor-drop-cap{color:#69727d;border:3px solid;background-color:transparent}.elementor-widget-text-editor:not(.elementor-drop-cap-view-default) .elementor-drop-cap{margin-top:8px}.elementor-widget-text-editor:not(.elementor-drop-cap-view-default) .elementor-drop-cap-letter{width:1em;height:1em}.elementor-widget-text-editor .elementor-drop-cap{float:left;text-align:center;line-height:1;font-size:50px}.elementor-widget-text-editor .elementor-drop-cap-letter{display:inline-block}<\/style>\t\t\t\t<p>Otvoren tijekom cijele godine, Televrin nudi prostor i podr\u0161ku za sve vrste seminara, te\u010dajeva i radionica izvan ljetne sezone kupanja, kao \u0161to su:<\/p>\n<ul>\n<li><strong>joga<\/strong><\/li>\n<li><strong>Slikanje i crtanje<\/strong><\/li>\n<li><strong>Radionica pisanja<\/strong><\/li>\n<li><strong>pje\u0161a\u010denja<\/strong><\/li>\n<\/ul>\n<p>Vo\u0111ena pje\u0161a\u010denja preko 250 km pje\u0161a\u010dkih staza usamljenim magare\u0107im i seoskim stazama te obilasci tisu\u0107ljetnih kulturnih znamenitosti bogate povijesti otoka i susjednih otoka kao i posjet Rijeci mogu se sastaviti pojedina\u010dno. Jedinstvena flora i fauna je impresivna. \u201cMirisi i okusi Lo\u0161inja\u201d naziv je posebnog projekta Turisti\u010dke zajednice. Na otoku je prona\u0111eno 1200 vrsta biljaka; preko 900 pripada doma\u0107oj flori. Na otoku \u017eivi 180 dupina (dupini uskog grla) i institut za istra\u017eivanje mora.<\/p>\n<p>Od 2016. Televrin je \u010dlan EBZ \u2013 The European Education and Meeting Centres eV, <a href=\"http:\/\/www.ebz-online.net\/\" target=\"_blank\" rel=\"noopener\" data-saferedirecturl=\"https:\/\/www.google.com\/url?hl=de&amp;q=http:\/\/www.ebz-online.net\/&amp;source=gmail&amp;ust=1464888578583000&amp;usg=AFQjCNFaUudS-BRoCMCv-xYjlwcaYqFOqw\">http:\/\/www.ebz-online.net\/<\/a><\/p>\n\t\t\t\t\t\t<\/div>\n\t\t\t\t<\/div>\n\t\t\t\t\t<\/div>\n\t\t<\/div>\n\t\t\t\t\t<\/div>\n\t\t<\/section>\n\t\t\t\t<\/div>\n\t\t","protected":false},"excerpt":{"rendered":"<p>Otvoren tijekom cijele godine, Televrin nudi prostor i podr\u0161ku za sve vrste seminara, te\u010dajeva i radionica izvan ljetne sezone kupanja, kao \u0161to su: joga Slikanje i crtanje Radionica pisanja pje\u0161a\u010denja Vo\u0111ena pje\u0161a\u010denja preko 250 km pje\u0161a\u010dkih staza usamljenim magare\u0107im i seoskim stazama te obilasci tisu\u0107ljetnih kulturnih znamenitosti bogate povijesti otoka i susjednih otoka kao i [&hellip;]<\/p>\n","protected":false},"author":1,"featured_media":0,"parent":0,"menu_order":0,"comment_status":"closed","ping_status":"closed","template":"","meta":{"footnotes":""},"class_list":["post-7416","page","type-page","status-publish","hentry"],"_links":{"self":[{"href":"https:\/\/www.televrin.com\/hr\/wp-json\/wp\/v2\/pages\/7416"}],"collection":[{"href":"https:\/\/www.televrin.com\/hr\/wp-json\/wp\/v2\/pages"}],"about":[{"href":"https:\/\/www.televrin.com\/hr\/wp-json\/wp\/v2\/types\/page"}],"author":[{"embeddable":true,"href":"https:\/\/www.televrin.com\/hr\/wp-json\/wp\/v2\/users\/1"}],"replies":[{"embeddable":true,"href":"https:\/\/www.televrin.com\/hr\/wp-json\/wp\/v2\/comments?post=7416"}],"version-history":[{"count":3,"href":"https:\/\/www.televrin.com\/hr\/wp-json\/wp\/v2\/pages\/7416\/revisions"}],"predecessor-version":[{"id":7553,"href":"https:\/\/www.televrin.com\/hr\/wp-json\/wp\/v2\/pages\/7416\/revisions\/7553"}],"wp:attachment":[{"href":"https:\/\/www.televrin.com\/hr\/wp-json\/wp\/v2\/media?parent=7416"}],"curies":[{"name":"wp","href":"https:\/\/api.w.org\/{rel}","templated":true}]}}