{"id":7420,"date":"2023-07-25T23:05:40","date_gmt":"2023-07-25T21:05:40","guid":{"rendered":"https:\/\/www2.televrin.de\/vasa-individualna-grupa\/"},"modified":"2023-09-17T23:48:24","modified_gmt":"2023-09-17T21:48:24","slug":"vasa-individualna-grupa","status":"publish","type":"page","link":"https:\/\/www.televrin.com\/hr\/vasa-individualna-grupa\/","title":{"rendered":"Va\u0161a individualna grupa"},"content":{"rendered":"\t\t<div data-elementor-type=\"wp-page\" data-elementor-id=\"7420\" class=\"elementor elementor-7420 elementor-4649\">\n\t\t\t\t\t\t<section class=\"elementor-section elementor-top-section elementor-element elementor-element-ec64e5f elementor-section-boxed elementor-section-height-default elementor-section-height-default\" data-id=\"ec64e5f\" data-element_type=\"section\">\n\t\t\t\t\t\t<div class=\"elementor-container elementor-column-gap-default\">\n\t\t\t\t\t<div class=\"elementor-column elementor-col-100 elementor-top-column elementor-element elementor-element-ec74cb1\" data-id=\"ec74cb1\" data-element_type=\"column\">\n\t\t\t<div class=\"elementor-widget-wrap elementor-element-populated\">\n\t\t\t\t\t\t<div class=\"elementor-element elementor-element-f817675 elementor-widget elementor-widget-image\" data-id=\"f817675\" data-element_type=\"widget\" data-widget_type=\"image.default\">\n\t\t\t\t<div class=\"elementor-widget-container\">\n\t\t\t<style>\/*! elementor - v3.23.0 - 05-08-2024 *\/\n.elementor-widget-image{text-align:center}.elementor-widget-image a{display:inline-block}.elementor-widget-image a img[src$=\".svg\"]{width:48px}.elementor-widget-image img{vertical-align:middle;display:inline-block}<\/style>\t\t\t\t\t\t\t\t\t\t<img fetchpriority=\"high\" decoding=\"async\" width=\"620\" height=\"260\" src=\"https:\/\/www.televrin.com\/wp-content\/uploads\/2023\/06\/televrin_aktivitaeten_3_sonne_620.jpg\" class=\"attachment-large size-large wp-image-7038\" alt=\"\" srcset=\"https:\/\/www.televrin.com\/wp-content\/uploads\/2023\/06\/televrin_aktivitaeten_3_sonne_620.jpg 620w, https:\/\/www.televrin.com\/wp-content\/uploads\/2023\/06\/televrin_aktivitaeten_3_sonne_620-300x126.jpg 300w, https:\/\/www.televrin.com\/wp-content\/uploads\/2023\/06\/televrin_aktivitaeten_3_sonne_620-80x34.jpg 80w\" sizes=\"(max-width: 620px) 100vw, 620px\" \/>\t\t\t\t\t\t\t\t\t\t\t\t\t<\/div>\n\t\t\t\t<\/div>\n\t\t\t\t<div class=\"elementor-element elementor-element-69331a8 elementor-widget elementor-widget-text-editor\" data-id=\"69331a8\" data-element_type=\"widget\" data-widget_type=\"text-editor.default\">\n\t\t\t\t<div class=\"elementor-widget-container\">\n\t\t\t<style>\/*! elementor - v3.23.0 - 05-08-2024 *\/\n.elementor-widget-text-editor.elementor-drop-cap-view-stacked .elementor-drop-cap{background-color:#69727d;color:#fff}.elementor-widget-text-editor.elementor-drop-cap-view-framed .elementor-drop-cap{color:#69727d;border:3px solid;background-color:transparent}.elementor-widget-text-editor:not(.elementor-drop-cap-view-default) .elementor-drop-cap{margin-top:8px}.elementor-widget-text-editor:not(.elementor-drop-cap-view-default) .elementor-drop-cap-letter{width:1em;height:1em}.elementor-widget-text-editor .elementor-drop-cap{float:left;text-align:center;line-height:1;font-size:50px}.elementor-widget-text-editor .elementor-drop-cap-letter{display:inline-block}<\/style>\t\t\t\t<p>Do\u0111ite sa svojom grupom i osmislite svoj individualni program. Rado vas podr\u017eavamo.<\/p>\n<p>Na\u0161 hotelski autobus ima 8 sjede\u0107ih mjesta i dostupan je po potrebi.<\/p>\n<p>Rado \u0107emo vam poslati na\u0161 grupni cjenik.<\/p>\n<p><span id=\"cloak0310e1a31fc13203b1feaaaa9c81d383\"><a href=\"mailto:info@televrin.com\" target=\"_blank\" rel=\"noopener\">info@televrin.com<\/a><\/span><br \/>Telefon: 00385-51-237121<\/p>\n\t\t\t\t\t\t<\/div>\n\t\t\t\t<\/div>\n\t\t\t\t\t<\/div>\n\t\t<\/div>\n\t\t\t\t\t<\/div>\n\t\t<\/section>\n\t\t\t\t<\/div>\n\t\t","protected":false},"excerpt":{"rendered":"<p>Do\u0111ite sa svojom grupom i osmislite svoj individualni program. Rado vas podr\u017eavamo. Na\u0161 hotelski autobus ima 8 sjede\u0107ih mjesta i dostupan je po potrebi. Rado \u0107emo vam poslati na\u0161 grupni cjenik. info@televrin.com Telefon: 00385-51-237121<\/p>\n","protected":false},"author":1,"featured_media":0,"parent":0,"menu_order":0,"comment_status":"closed","ping_status":"closed","template":"","meta":{"footnotes":""},"class_list":["post-7420","page","type-page","status-publish","hentry"],"_links":{"self":[{"href":"https:\/\/www.televrin.com\/hr\/wp-json\/wp\/v2\/pages\/7420"}],"collection":[{"href":"https:\/\/www.televrin.com\/hr\/wp-json\/wp\/v2\/pages"}],"about":[{"href":"https:\/\/www.televrin.com\/hr\/wp-json\/wp\/v2\/types\/page"}],"author":[{"embeddable":true,"href":"https:\/\/www.televrin.com\/hr\/wp-json\/wp\/v2\/users\/1"}],"replies":[{"embeddable":true,"href":"https:\/\/www.televrin.com\/hr\/wp-json\/wp\/v2\/comments?post=7420"}],"version-history":[{"count":2,"href":"https:\/\/www.televrin.com\/hr\/wp-json\/wp\/v2\/pages\/7420\/revisions"}],"predecessor-version":[{"id":7554,"href":"https:\/\/www.televrin.com\/hr\/wp-json\/wp\/v2\/pages\/7420\/revisions\/7554"}],"wp:attachment":[{"href":"https:\/\/www.televrin.com\/hr\/wp-json\/wp\/v2\/media?parent=7420"}],"curies":[{"name":"wp","href":"https:\/\/api.w.org\/{rel}","templated":true}]}}