{"id":7437,"date":"2022-04-30T09:01:52","date_gmt":"2022-04-30T07:01:52","guid":{"rendered":"https:\/\/www2.televrin.de\/nase-sobe\/"},"modified":"2023-09-17T23:41:58","modified_gmt":"2023-09-17T21:41:58","slug":"nase-sobe","status":"publish","type":"page","link":"https:\/\/www.televrin.com\/hr\/nase-sobe\/","title":{"rendered":"Na\u0161e sobe"},"content":{"rendered":"\t\t<div data-elementor-type=\"wp-page\" data-elementor-id=\"7437\" class=\"elementor elementor-7437 elementor-576\">\n\t\t\t\t\t\t<section class=\"elementor-section elementor-top-section elementor-element elementor-element-8942672 elementor-section-boxed elementor-section-height-default elementor-section-height-default\" data-id=\"8942672\" data-element_type=\"section\">\n\t\t\t\t\t\t<div class=\"elementor-container elementor-column-gap-default\">\n\t\t\t\t\t<div class=\"elementor-column elementor-col-100 elementor-top-column elementor-element elementor-element-ef8dacd\" data-id=\"ef8dacd\" data-element_type=\"column\">\n\t\t\t<div class=\"elementor-widget-wrap elementor-element-populated\">\n\t\t\t\t\t\t<div class=\"elementor-element elementor-element-151ea2d elementor-widget elementor-widget-image\" data-id=\"151ea2d\" data-element_type=\"widget\" data-widget_type=\"image.default\">\n\t\t\t\t<div class=\"elementor-widget-container\">\n\t\t\t<style>\/*! elementor - v3.23.0 - 05-08-2024 *\/\n.elementor-widget-image{text-align:center}.elementor-widget-image a{display:inline-block}.elementor-widget-image a img[src$=\".svg\"]{width:48px}.elementor-widget-image img{vertical-align:middle;display:inline-block}<\/style>\t\t\t\t\t\t\t\t\t\t<img decoding=\"async\" src=\"https:\/\/www.televrin.com\/wp-content\/uploads\/2023\/09\/SOBA-3-POGLED-a.jpg\" title=\"SOBA-3-POGLED-a\" alt=\"SOBA-3-POGLED-a\" loading=\"lazy\" \/>\t\t\t\t\t\t\t\t\t\t\t\t\t<\/div>\n\t\t\t\t<\/div>\n\t\t\t\t<div class=\"elementor-element elementor-element-6b318e5 elementor-widget elementor-widget-spacer\" data-id=\"6b318e5\" data-element_type=\"widget\" data-widget_type=\"spacer.default\">\n\t\t\t\t<div class=\"elementor-widget-container\">\n\t\t\t<style>\/*! elementor - v3.23.0 - 05-08-2024 *\/\n.elementor-column .elementor-spacer-inner{height:var(--spacer-size)}.e-con{--container-widget-width:100%}.e-con-inner>.elementor-widget-spacer,.e-con>.elementor-widget-spacer{width:var(--container-widget-width,var(--spacer-size));--align-self:var(--container-widget-align-self,initial);--flex-shrink:0}.e-con-inner>.elementor-widget-spacer>.elementor-widget-container,.e-con>.elementor-widget-spacer>.elementor-widget-container{height:100%;width:100%}.e-con-inner>.elementor-widget-spacer>.elementor-widget-container>.elementor-spacer,.e-con>.elementor-widget-spacer>.elementor-widget-container>.elementor-spacer{height:100%}.e-con-inner>.elementor-widget-spacer>.elementor-widget-container>.elementor-spacer>.elementor-spacer-inner,.e-con>.elementor-widget-spacer>.elementor-widget-container>.elementor-spacer>.elementor-spacer-inner{height:var(--container-widget-height,var(--spacer-size))}.e-con-inner>.elementor-widget-spacer.elementor-widget-empty,.e-con>.elementor-widget-spacer.elementor-widget-empty{position:relative;min-height:22px;min-width:22px}.e-con-inner>.elementor-widget-spacer.elementor-widget-empty .elementor-widget-empty-icon,.e-con>.elementor-widget-spacer.elementor-widget-empty .elementor-widget-empty-icon{position:absolute;top:0;bottom:0;left:0;right:0;margin:auto;padding:0;width:22px;height:22px}<\/style>\t\t<div class=\"elementor-spacer\">\n\t\t\t<div class=\"elementor-spacer-inner\"><\/div>\n\t\t<\/div>\n\t\t\t\t<\/div>\n\t\t\t\t<\/div>\n\t\t\t\t\t<\/div>\n\t\t<\/div>\n\t\t\t\t\t<\/div>\n\t\t<\/section>\n\t\t\t\t<section class=\"elementor-section elementor-top-section elementor-element elementor-element-c5ea492 elementor-section-boxed elementor-section-height-default elementor-section-height-default\" data-id=\"c5ea492\" data-element_type=\"section\">\n\t\t\t\t\t\t<div class=\"elementor-container elementor-column-gap-default\">\n\t\t\t\t\t<div class=\"elementor-column elementor-col-100 elementor-top-column elementor-element elementor-element-bf6e34b\" data-id=\"bf6e34b\" data-element_type=\"column\">\n\t\t\t<div class=\"elementor-widget-wrap elementor-element-populated\">\n\t\t\t\t\t\t<div class=\"elementor-element elementor-element-8938878 elementor-widget elementor-widget-heading\" data-id=\"8938878\" data-element_type=\"widget\" data-widget_type=\"heading.default\">\n\t\t\t\t<div class=\"elementor-widget-container\">\n\t\t\t<style>\/*! elementor - v3.23.0 - 05-08-2024 *\/\n.elementor-heading-title{padding:0;margin:0;line-height:1}.elementor-widget-heading .elementor-heading-title[class*=elementor-size-]>a{color:inherit;font-size:inherit;line-height:inherit}.elementor-widget-heading .elementor-heading-title.elementor-size-small{font-size:15px}.elementor-widget-heading .elementor-heading-title.elementor-size-medium{font-size:19px}.elementor-widget-heading .elementor-heading-title.elementor-size-large{font-size:29px}.elementor-widget-heading .elementor-heading-title.elementor-size-xl{font-size:39px}.elementor-widget-heading .elementor-heading-title.elementor-size-xxl{font-size:59px}<\/style><h2 class=\"elementor-heading-title elementor-size-default\">Na\u0161e sobe<\/h2>\t\t<\/div>\n\t\t\t\t<\/div>\n\t\t\t\t<div class=\"elementor-element elementor-element-4b59840 elementor-widget elementor-widget-text-editor\" data-id=\"4b59840\" data-element_type=\"widget\" data-widget_type=\"text-editor.default\">\n\t\t\t\t<div class=\"elementor-widget-container\">\n\t\t\t<style>\/*! elementor - v3.23.0 - 05-08-2024 *\/\n.elementor-widget-text-editor.elementor-drop-cap-view-stacked .elementor-drop-cap{background-color:#69727d;color:#fff}.elementor-widget-text-editor.elementor-drop-cap-view-framed .elementor-drop-cap{color:#69727d;border:3px solid;background-color:transparent}.elementor-widget-text-editor:not(.elementor-drop-cap-view-default) .elementor-drop-cap{margin-top:8px}.elementor-widget-text-editor:not(.elementor-drop-cap-view-default) .elementor-drop-cap-letter{width:1em;height:1em}.elementor-widget-text-editor .elementor-drop-cap{float:left;text-align:center;line-height:1;font-size:50px}.elementor-widget-text-editor .elementor-drop-cap-letter{display:inline-block}<\/style>\t\t\t\t<p><span style=\"color: var( --e-global-color-text ); font-family: var( --e-global-typography-text-font-family ), Sans-serif; font-weight: var( --e-global-typography-text-font-weight );\">Hotel ima 13 ukusno namje\u0161tenih soba i 2 prostrana apartmana koji odra\u017eavaju udobnost mediteranskog doma. Svaka soba je opremljena vlastitom kupaonicom i klimatizirana kako bi vam pru\u017eila najvi\u0161u razinu udobnosti. Za zabavu su na raspolaganju televizor i telefon, dok se s terase ili balkona pru\u017ea pogled ili na slikoviti lu\u010dki bazen i prostrano more ili na hotelski vrt i impozantnu planinu Televrin. Naravno, WiFi je tako\u0111er dostupan u cijelom hotelu tako da uvijek mo\u017eete ostati povezani.<\/span><\/p>\n<p>Osobito smo ponosni na na\u0161 apartman bez barijera koji je od 2016. godine dostupan i za goste s ograni\u010denom pokretljivo\u0161\u0107u. Smje\u0161ten u desnom krilu zgrade, ovaj prostrani stan pa\u017eljivo je dizajniran kako bi se osigurao neograni\u010den pristup. Privatna terasa poziva vas na opu\u0161tanje, dok panoramski prozor pru\u017ea prekrasan pogled na more. Ovdje mo\u017eete samo malo u\u017eivati \u200b\u200bu vrhunskoj udobnosti<\/p>\n<p>Srda\u010dno Vas pozivamo da do\u017eivite jedinstveni ugo\u0111aj Hotela Televrin &#8211; mjesta gdje se povijest i suvremenost spajaju u savr\u0161enom skladu. Ne ustru\u010davajte se kontaktirati nas ako imate bilo kakvih pitanja &#8211; radujemo se \u0161to \u0107emo va\u0161 boravak u\u010diniti nezaboravnim.<\/p>\n\t\t\t\t\t\t<\/div>\n\t\t\t\t<\/div>\n\t\t\t\t\t<\/div>\n\t\t<\/div>\n\t\t\t\t\t<\/div>\n\t\t<\/section>\n\t\t\t\t<section class=\"elementor-section elementor-top-section elementor-element elementor-element-04d0b77 elementor-section-content-space-around elementor-section-boxed elementor-section-height-default elementor-section-height-default\" data-id=\"04d0b77\" data-element_type=\"section\">\n\t\t\t\t\t\t<div class=\"elementor-container elementor-column-gap-default\">\n\t\t\t\t\t<div class=\"elementor-column elementor-col-100 elementor-top-column elementor-element elementor-element-4d10eeb\" data-id=\"4d10eeb\" data-element_type=\"column\">\n\t\t\t<div class=\"elementor-widget-wrap elementor-element-populated\">\n\t\t\t\t\t\t<div class=\"elementor-element elementor-element-08bccf9 elementor-widget elementor-widget-eth_staff\" data-id=\"08bccf9\" data-element_type=\"widget\" data-widget_type=\"eth_staff.default\">\n\t\t\t\t<div class=\"elementor-widget-container\">\n\t\t\t\t\n\t\t<div id=\"staff-PhI6X\" class=\"eth-staff row row-cols-lg-4 row-cols-md-3 row-cols-sm-1\">\n\n\t\t\t\n\t\t\t\t<div class=\"staff-item\">\n\n\t\t\t\t\t<figure>\n\t\t\t\t\t\t<img fetchpriority=\"high\" decoding=\"async\" width=\"370\" height=\"485\" src=\"https:\/\/www.televrin.com\/wp-content\/uploads\/2023\/08\/zimmer-zum-meer-5-2-370x485.jpg\" class=\"attachment-eagle_booking_image_size_370_485 size-eagle_booking_image_size_370_485 wp-image-4762\" alt=\"\" \/>\t\t\t\t\t\t<span class=\"position\"><\/span>\n\t\t\t\t\t<\/figure>\n\n\t\t\t\t\t<div class=\"details\">\n\t\t\t\t\t\t<h5>Zimmer zum Meer<\/h5>\n\t\t\t\t\t\t<p>Unser Hotel verf\u00fcgt \u00fcber 4 Zimmer mit Meerblick<\/p>\n\t\t\t\t\t<\/div>\n\n\t\t\t\t<\/div>\n\n\n\t \t\t\n\t\t\t\t<div class=\"staff-item\">\n\n\t\t\t\t\t<figure>\n\t\t\t\t\t\t<img decoding=\"async\" width=\"370\" height=\"485\" src=\"https:\/\/www.televrin.com\/wp-content\/uploads\/2023\/08\/zimmer-zum-park-rot4-370x485.jpg\" class=\"attachment-eagle_booking_image_size_370_485 size-eagle_booking_image_size_370_485 wp-image-4686\" alt=\"\" \/>\t\t\t\t\t\t<span class=\"position\"><\/span>\n\t\t\t\t\t<\/figure>\n\n\t\t\t\t\t<div class=\"details\">\n\t\t\t\t\t\t<h5>Zimmer zum Park<\/h5>\n\t\t\t\t\t\t<p>Einen Blick auf den Park genie\u00dfen sie in 9 Zimmern<\/p>\n\t\t\t\t\t<\/div>\n\n\t\t\t\t<\/div>\n\n\n\t \t\t\n\t\t\t\t<div class=\"staff-item\">\n\n\t\t\t\t\t<figure>\n\t\t\t\t\t\t<img decoding=\"async\" width=\"370\" height=\"485\" src=\"https:\/\/www.televrin.com\/wp-content\/uploads\/2023\/08\/suit-park-meer-3-2-370x485.jpg\" class=\"attachment-eagle_booking_image_size_370_485 size-eagle_booking_image_size_370_485 wp-image-4693\" alt=\"\" \/>\t\t\t\t\t\t<span class=\"position\"><\/span>\n\t\t\t\t\t<\/figure>\n\n\t\t\t\t\t<div class=\"details\">\n\t\t\t\t\t\t<h5>Suite<\/h5>\n\t\t\t\t\t\t<p>Unsere Suiten bieten den Blick auf Meer und Park.<\/p>\n\t\t\t\t\t<\/div>\n\n\t\t\t\t<\/div>\n\n\n\t \t\t\n\t\t\t\t<div class=\"staff-item\">\n\n\t\t\t\t\t<figure>\n\t\t\t\t\t\t<img loading=\"lazy\" decoding=\"async\" width=\"370\" height=\"485\" src=\"https:\/\/www.televrin.com\/wp-content\/uploads\/2023\/08\/suite2-370x485.jpg\" class=\"attachment-eagle_booking_image_size_370_485 size-eagle_booking_image_size_370_485 wp-image-4676\" alt=\"\" \/>\t\t\t\t\t\t<span class=\"position\"><\/span>\n\t\t\t\t\t<\/figure>\n\n\t\t\t\t\t<div class=\"details\">\n\t\t\t\t\t\t<h5>Barrierefreies Zimmer<\/h5>\n\t\t\t\t\t\t<p>Im Erdgeschoss-Zimmer ist barrierefreier Zugang gegeben.<\/p>\n\t\t\t\t\t<\/div>\n\n\t\t\t\t<\/div>\n\n\n\t \t\t\n\t\t<\/div>\n\n\t\t\t<\/div>\n\t\t\t\t<\/div>\n\t\t\t\t\t<\/div>\n\t\t<\/div>\n\t\t\t\t\t<\/div>\n\t\t<\/section>\n\t\t\t\t<\/div>\n\t\t","protected":false},"excerpt":{"rendered":"<p>Na\u0161e sobe Hotel ima 13 ukusno namje\u0161tenih soba i 2 prostrana apartmana koji odra\u017eavaju udobnost mediteranskog doma. Svaka soba je opremljena vlastitom kupaonicom i klimatizirana kako bi vam pru\u017eila najvi\u0161u razinu udobnosti. Za zabavu su na raspolaganju televizor i telefon, dok se s terase ili balkona pru\u017ea pogled ili na slikoviti lu\u010dki bazen i prostrano [&hellip;]<\/p>\n","protected":false},"author":1,"featured_media":0,"parent":0,"menu_order":0,"comment_status":"closed","ping_status":"closed","template":"","meta":{"footnotes":""},"class_list":["post-7437","page","type-page","status-publish","hentry"],"_links":{"self":[{"href":"https:\/\/www.televrin.com\/hr\/wp-json\/wp\/v2\/pages\/7437"}],"collection":[{"href":"https:\/\/www.televrin.com\/hr\/wp-json\/wp\/v2\/pages"}],"about":[{"href":"https:\/\/www.televrin.com\/hr\/wp-json\/wp\/v2\/types\/page"}],"author":[{"embeddable":true,"href":"https:\/\/www.televrin.com\/hr\/wp-json\/wp\/v2\/users\/1"}],"replies":[{"embeddable":true,"href":"https:\/\/www.televrin.com\/hr\/wp-json\/wp\/v2\/comments?post=7437"}],"version-history":[{"count":3,"href":"https:\/\/www.televrin.com\/hr\/wp-json\/wp\/v2\/pages\/7437\/revisions"}],"predecessor-version":[{"id":7546,"href":"https:\/\/www.televrin.com\/hr\/wp-json\/wp\/v2\/pages\/7437\/revisions\/7546"}],"wp:attachment":[{"href":"https:\/\/www.televrin.com\/hr\/wp-json\/wp\/v2\/media?parent=7437"}],"curies":[{"name":"wp","href":"https:\/\/api.w.org\/{rel}","templated":true}]}}