{"id":7445,"date":"2022-04-26T13:37:06","date_gmt":"2022-04-26T11:37:06","guid":{"rendered":"https:\/\/www2.televrin.de\/nas-restoran\/"},"modified":"2024-04-19T20:01:55","modified_gmt":"2024-04-19T18:01:55","slug":"nas-restoran","status":"publish","type":"page","link":"https:\/\/www.televrin.com\/hr\/nas-restoran\/","title":{"rendered":"na\u0161 restoran"},"content":{"rendered":"\t\t<div data-elementor-type=\"wp-page\" data-elementor-id=\"7445\" class=\"elementor elementor-7445\">\n\t\t\t\t\t\t<section class=\"elementor-section elementor-top-section elementor-element elementor-element-0b94c7b elementor-section-boxed elementor-section-height-default elementor-section-height-default\" data-id=\"0b94c7b\" data-element_type=\"section\">\n\t\t\t\t\t\t<div class=\"elementor-container elementor-column-gap-no\">\n\t\t\t\t\t<div class=\"elementor-column elementor-col-100 elementor-top-column elementor-element elementor-element-ed591b4\" data-id=\"ed591b4\" data-element_type=\"column\">\n\t\t\t<div class=\"elementor-widget-wrap elementor-element-populated\">\n\t\t\t\t\t\t<div class=\"elementor-element elementor-element-da6a00b elementor-widget elementor-widget-image\" data-id=\"da6a00b\" data-element_type=\"widget\" data-widget_type=\"image.default\">\n\t\t\t\t<div class=\"elementor-widget-container\">\n\t\t\t<style>\/*! elementor - v3.23.0 - 05-08-2024 *\/\n.elementor-widget-image{text-align:center}.elementor-widget-image a{display:inline-block}.elementor-widget-image a img[src$=\".svg\"]{width:48px}.elementor-widget-image img{vertical-align:middle;display:inline-block}<\/style>\t\t\t\t\t\t\t\t\t\t<img decoding=\"async\" src=\"https:\/\/www.televrin.com\/wp-content\/uploads\/2023\/08\/RESTORAN.jpg\" title=\"RESTORAN\" alt=\"RESTORAN\" loading=\"lazy\" \/>\t\t\t\t\t\t\t\t\t\t\t\t\t<\/div>\n\t\t\t\t<\/div>\n\t\t\t\t\t<\/div>\n\t\t<\/div>\n\t\t\t\t\t<\/div>\n\t\t<\/section>\n\t\t\t\t<section class=\"elementor-section elementor-top-section elementor-element elementor-element-d235621 elementor-section-boxed elementor-section-height-default elementor-section-height-default\" data-id=\"d235621\" data-element_type=\"section\">\n\t\t\t\t\t\t<div class=\"elementor-container elementor-column-gap-default\">\n\t\t\t\t\t<div class=\"elementor-column elementor-col-100 elementor-top-column elementor-element elementor-element-dbb861b\" data-id=\"dbb861b\" data-element_type=\"column\">\n\t\t\t<div class=\"elementor-widget-wrap elementor-element-populated\">\n\t\t\t\t\t\t<div class=\"elementor-element elementor-element-b818e5c elementor-widget elementor-widget-spacer\" data-id=\"b818e5c\" data-element_type=\"widget\" data-widget_type=\"spacer.default\">\n\t\t\t\t<div class=\"elementor-widget-container\">\n\t\t\t<style>\/*! elementor - v3.23.0 - 05-08-2024 *\/\n.elementor-column .elementor-spacer-inner{height:var(--spacer-size)}.e-con{--container-widget-width:100%}.e-con-inner>.elementor-widget-spacer,.e-con>.elementor-widget-spacer{width:var(--container-widget-width,var(--spacer-size));--align-self:var(--container-widget-align-self,initial);--flex-shrink:0}.e-con-inner>.elementor-widget-spacer>.elementor-widget-container,.e-con>.elementor-widget-spacer>.elementor-widget-container{height:100%;width:100%}.e-con-inner>.elementor-widget-spacer>.elementor-widget-container>.elementor-spacer,.e-con>.elementor-widget-spacer>.elementor-widget-container>.elementor-spacer{height:100%}.e-con-inner>.elementor-widget-spacer>.elementor-widget-container>.elementor-spacer>.elementor-spacer-inner,.e-con>.elementor-widget-spacer>.elementor-widget-container>.elementor-spacer>.elementor-spacer-inner{height:var(--container-widget-height,var(--spacer-size))}.e-con-inner>.elementor-widget-spacer.elementor-widget-empty,.e-con>.elementor-widget-spacer.elementor-widget-empty{position:relative;min-height:22px;min-width:22px}.e-con-inner>.elementor-widget-spacer.elementor-widget-empty .elementor-widget-empty-icon,.e-con>.elementor-widget-spacer.elementor-widget-empty .elementor-widget-empty-icon{position:absolute;top:0;bottom:0;left:0;right:0;margin:auto;padding:0;width:22px;height:22px}<\/style>\t\t<div class=\"elementor-spacer\">\n\t\t\t<div class=\"elementor-spacer-inner\"><\/div>\n\t\t<\/div>\n\t\t\t\t<\/div>\n\t\t\t\t<\/div>\n\t\t\t\t\t<\/div>\n\t\t<\/div>\n\t\t\t\t\t<\/div>\n\t\t<\/section>\n\t\t\t\t<section class=\"elementor-section elementor-top-section elementor-element elementor-element-9f62633 elementor-section-boxed elementor-section-height-default elementor-section-height-default\" data-id=\"9f62633\" data-element_type=\"section\">\n\t\t\t\t\t\t<div class=\"elementor-container elementor-column-gap-default\">\n\t\t\t\t\t<div class=\"elementor-column elementor-col-100 elementor-top-column elementor-element elementor-element-7324e09\" data-id=\"7324e09\" data-element_type=\"column\">\n\t\t\t<div class=\"elementor-widget-wrap elementor-element-populated\">\n\t\t\t\t\t\t<div class=\"elementor-element elementor-element-69c06d0 elementor-widget elementor-widget-heading\" data-id=\"69c06d0\" data-element_type=\"widget\" data-widget_type=\"heading.default\">\n\t\t\t\t<div class=\"elementor-widget-container\">\n\t\t\t<style>\/*! elementor - v3.23.0 - 05-08-2024 *\/\n.elementor-heading-title{padding:0;margin:0;line-height:1}.elementor-widget-heading .elementor-heading-title[class*=elementor-size-]>a{color:inherit;font-size:inherit;line-height:inherit}.elementor-widget-heading .elementor-heading-title.elementor-size-small{font-size:15px}.elementor-widget-heading .elementor-heading-title.elementor-size-medium{font-size:19px}.elementor-widget-heading .elementor-heading-title.elementor-size-large{font-size:29px}.elementor-widget-heading .elementor-heading-title.elementor-size-xl{font-size:39px}.elementor-widget-heading .elementor-heading-title.elementor-size-xxl{font-size:59px}<\/style><h2 class=\"elementor-heading-title elementor-size-default\">na\u0161 restoran<\/h2>\t\t<\/div>\n\t\t\t\t<\/div>\n\t\t\t\t<div class=\"elementor-element elementor-element-85f7db3 elementor-widget elementor-widget-text-editor\" data-id=\"85f7db3\" data-element_type=\"widget\" data-widget_type=\"text-editor.default\">\n\t\t\t\t<div class=\"elementor-widget-container\">\n\t\t\t<style>\/*! elementor - v3.23.0 - 05-08-2024 *\/\n.elementor-widget-text-editor.elementor-drop-cap-view-stacked .elementor-drop-cap{background-color:#69727d;color:#fff}.elementor-widget-text-editor.elementor-drop-cap-view-framed .elementor-drop-cap{color:#69727d;border:3px solid;background-color:transparent}.elementor-widget-text-editor:not(.elementor-drop-cap-view-default) .elementor-drop-cap{margin-top:8px}.elementor-widget-text-editor:not(.elementor-drop-cap-view-default) .elementor-drop-cap-letter{width:1em;height:1em}.elementor-widget-text-editor .elementor-drop-cap{float:left;text-align:center;line-height:1;font-size:50px}.elementor-widget-text-editor .elementor-drop-cap-letter{display:inline-block}<\/style>\t\t\t\t<p>Na\u0161 restoran prostire se na razli\u010ditim podru\u010djima, uklju\u010duju\u0107i ostakljenu lo\u0111u s primamljivim pogledom na lu\u010dki bazen. Osim toga, imamo prostranu blagovaonicu i prostranu terasu za sun\u010danje, koja se idili\u010dno otvara prema parku.<\/p>\n<p>Raznovrsna ponuda svje\u017eih mediteranskih jela o\u010dekuje vas u na\u0161oj kuhinji. Od svje\u017ee ulovljene ribe iz slikovitog Kvarnerskog zaljeva do delikatne oto\u010dke janjetine, predstavljamo vam vrhunske specijalitete regionalne kuhinje. Naravno, i ljubitelji vegetarijanskih jela prona\u0107i \u0107e bogat izbor na na\u0161em jelovniku.<\/p>\n<p>Do\u017eivite s nama kulinarske u\u017eitke u jedinstvenoj atmosferi koja spaja ljepotu okolice i vrhunsku gastronomiju.<\/p>\n\t\t\t\t\t\t<\/div>\n\t\t\t\t<\/div>\n\t\t\t\t\t<\/div>\n\t\t<\/div>\n\t\t\t\t\t<\/div>\n\t\t<\/section>\n\t\t\t\t<section class=\"elementor-section elementor-top-section elementor-element elementor-element-39b906c elementor-section-content-space-around elementor-section-boxed elementor-section-height-default elementor-section-height-default\" data-id=\"39b906c\" data-element_type=\"section\">\n\t\t\t\t\t\t<div class=\"elementor-container elementor-column-gap-no\">\n\t\t\t\t\t<div class=\"elementor-column elementor-col-100 elementor-top-column elementor-element elementor-element-ad62943\" data-id=\"ad62943\" data-element_type=\"column\">\n\t\t\t<div class=\"elementor-widget-wrap elementor-element-populated\">\n\t\t\t\t\t\t<div class=\"elementor-element elementor-element-f46d88c gallery-spacing-custom elementor-widget elementor-widget-image-gallery\" data-id=\"f46d88c\" data-element_type=\"widget\" data-widget_type=\"image-gallery.default\">\n\t\t\t\t<div class=\"elementor-widget-container\">\n\t\t\t<style>\/*! elementor - v3.23.0 - 05-08-2024 *\/\n.elementor-image-gallery .gallery-item{display:inline-block;text-align:center;vertical-align:top;width:100%;max-width:100%;margin:0 auto}.elementor-image-gallery .gallery-item img{margin:0 auto}.elementor-image-gallery .gallery-item .gallery-caption{margin:0}.elementor-image-gallery figure img{display:block}.elementor-image-gallery figure figcaption{width:100%}.gallery-spacing-custom .elementor-image-gallery .gallery-icon{padding:0}@media (min-width:768px){.elementor-image-gallery .gallery-columns-2 .gallery-item{max-width:50%}.elementor-image-gallery .gallery-columns-3 .gallery-item{max-width:33.33%}.elementor-image-gallery .gallery-columns-4 .gallery-item{max-width:25%}.elementor-image-gallery .gallery-columns-5 .gallery-item{max-width:20%}.elementor-image-gallery .gallery-columns-6 .gallery-item{max-width:16.666%}.elementor-image-gallery .gallery-columns-7 .gallery-item{max-width:14.28%}.elementor-image-gallery .gallery-columns-8 .gallery-item{max-width:12.5%}.elementor-image-gallery .gallery-columns-9 .gallery-item{max-width:11.11%}.elementor-image-gallery .gallery-columns-10 .gallery-item{max-width:10%}}@media (min-width:480px) and (max-width:767px){.elementor-image-gallery .gallery.gallery-columns-2 .gallery-item,.elementor-image-gallery .gallery.gallery-columns-3 .gallery-item,.elementor-image-gallery .gallery.gallery-columns-4 .gallery-item,.elementor-image-gallery .gallery.gallery-columns-5 .gallery-item,.elementor-image-gallery .gallery.gallery-columns-6 .gallery-item,.elementor-image-gallery .gallery.gallery-columns-7 .gallery-item,.elementor-image-gallery .gallery.gallery-columns-8 .gallery-item,.elementor-image-gallery .gallery.gallery-columns-9 .gallery-item,.elementor-image-gallery .gallery.gallery-columns-10 .gallery-item{max-width:50%}}@media (max-width:479px){.elementor-image-gallery .gallery.gallery-columns-2 .gallery-item,.elementor-image-gallery .gallery.gallery-columns-3 .gallery-item,.elementor-image-gallery .gallery.gallery-columns-4 .gallery-item,.elementor-image-gallery .gallery.gallery-columns-5 .gallery-item,.elementor-image-gallery .gallery.gallery-columns-6 .gallery-item,.elementor-image-gallery .gallery.gallery-columns-7 .gallery-item,.elementor-image-gallery .gallery.gallery-columns-8 .gallery-item,.elementor-image-gallery .gallery.gallery-columns-9 .gallery-item,.elementor-image-gallery .gallery.gallery-columns-10 .gallery-item{max-width:100%}}<\/style>\t\t<div class=\"elementor-image-gallery\">\n\t\t\t<div id='gallery-1' class='gallery galleryid-7445 gallery-columns-3 gallery-size-medium'><figure class='gallery-item'>\n\t\t\t<div class='gallery-icon landscape'>\n\t\t\t\t<a data-elementor-open-lightbox=\"yes\" data-elementor-lightbox-slideshow=\"f46d88c\" data-elementor-lightbox-title=\"restaurant1\" data-e-action-hash=\"#elementor-action%3Aaction%3Dlightbox%26settings%3DeyJpZCI6NzI2OSwidXJsIjoiaHR0cHM6XC9cL3d3dy50ZWxldnJpbi5jb21cL3dwLWNvbnRlbnRcL3VwbG9hZHNcLzIwMjNcLzA4XC9yZXN0YXVyYW50MS5qcGciLCJzbGlkZXNob3ciOiJmNDZkODhjIn0%3D\" href='https:\/\/www.televrin.com\/wp-content\/uploads\/2023\/08\/restaurant1.jpg'><img fetchpriority=\"high\" decoding=\"async\" width=\"300\" height=\"225\" src=\"https:\/\/www.televrin.com\/wp-content\/uploads\/2023\/08\/restaurant1-300x225.jpg\" class=\"attachment-medium size-medium\" alt=\"\" srcset=\"https:\/\/www.televrin.com\/wp-content\/uploads\/2023\/08\/restaurant1-300x225.jpg 300w, https:\/\/www.televrin.com\/wp-content\/uploads\/2023\/08\/restaurant1-768x576.jpg 768w, https:\/\/www.televrin.com\/wp-content\/uploads\/2023\/08\/restaurant1-80x60.jpg 80w, https:\/\/www.televrin.com\/wp-content\/uploads\/2023\/08\/restaurant1.jpg 1024w\" sizes=\"(max-width: 300px) 100vw, 300px\" \/><\/a>\n\t\t\t<\/div><\/figure><figure class='gallery-item'>\n\t\t\t<div class='gallery-icon landscape'>\n\t\t\t\t<a data-elementor-open-lightbox=\"yes\" data-elementor-lightbox-slideshow=\"f46d88c\" data-elementor-lightbox-title=\"restaurant3\" data-e-action-hash=\"#elementor-action%3Aaction%3Dlightbox%26settings%3DeyJpZCI6NzI3OSwidXJsIjoiaHR0cHM6XC9cL3d3dy50ZWxldnJpbi5jb21cL3dwLWNvbnRlbnRcL3VwbG9hZHNcLzIwMjNcLzA4XC9yZXN0YXVyYW50My5qcGciLCJzbGlkZXNob3ciOiJmNDZkODhjIn0%3D\" href='https:\/\/www.televrin.com\/wp-content\/uploads\/2023\/08\/restaurant3.jpg'><img decoding=\"async\" width=\"300\" height=\"225\" src=\"https:\/\/www.televrin.com\/wp-content\/uploads\/2023\/08\/restaurant3-300x225.jpg\" class=\"attachment-medium size-medium\" alt=\"\" srcset=\"https:\/\/www.televrin.com\/wp-content\/uploads\/2023\/08\/restaurant3-300x225.jpg 300w, https:\/\/www.televrin.com\/wp-content\/uploads\/2023\/08\/restaurant3-768x576.jpg 768w, https:\/\/www.televrin.com\/wp-content\/uploads\/2023\/08\/restaurant3-80x60.jpg 80w, https:\/\/www.televrin.com\/wp-content\/uploads\/2023\/08\/restaurant3.jpg 1024w\" sizes=\"(max-width: 300px) 100vw, 300px\" \/><\/a>\n\t\t\t<\/div><\/figure><figure class='gallery-item'>\n\t\t\t<div class='gallery-icon landscape'>\n\t\t\t\t<a data-elementor-open-lightbox=\"yes\" data-elementor-lightbox-slideshow=\"f46d88c\" data-elementor-lightbox-title=\"restaurant4\" data-e-action-hash=\"#elementor-action%3Aaction%3Dlightbox%26settings%3DeyJpZCI6NzI4NCwidXJsIjoiaHR0cHM6XC9cL3d3dy50ZWxldnJpbi5jb21cL3dwLWNvbnRlbnRcL3VwbG9hZHNcLzIwMjNcLzA4XC9yZXN0YXVyYW50NC5qcGciLCJzbGlkZXNob3ciOiJmNDZkODhjIn0%3D\" href='https:\/\/www.televrin.com\/wp-content\/uploads\/2023\/08\/restaurant4.jpg'><img decoding=\"async\" width=\"300\" height=\"225\" src=\"https:\/\/www.televrin.com\/wp-content\/uploads\/2023\/08\/restaurant4-300x225.jpg\" class=\"attachment-medium size-medium\" alt=\"\" srcset=\"https:\/\/www.televrin.com\/wp-content\/uploads\/2023\/08\/restaurant4-300x225.jpg 300w, https:\/\/www.televrin.com\/wp-content\/uploads\/2023\/08\/restaurant4-768x576.jpg 768w, https:\/\/www.televrin.com\/wp-content\/uploads\/2023\/08\/restaurant4-80x60.jpg 80w, https:\/\/www.televrin.com\/wp-content\/uploads\/2023\/08\/restaurant4.jpg 1024w\" sizes=\"(max-width: 300px) 100vw, 300px\" \/><\/a>\n\t\t\t<\/div><\/figure>\n\t\t<\/div>\n\t\t<\/div>\n\t\t\t\t<\/div>\n\t\t\t\t<\/div>\n\t\t\t\t\t<\/div>\n\t\t<\/div>\n\t\t\t\t\t<\/div>\n\t\t<\/section>\n\t\t\t\t<section class=\"elementor-section elementor-top-section elementor-element elementor-element-17c2872 elementor-section-content-space-around elementor-section-boxed elementor-section-height-default elementor-section-height-default\" data-id=\"17c2872\" data-element_type=\"section\">\n\t\t\t\t\t\t<div class=\"elementor-container elementor-column-gap-no\">\n\t\t\t\t\t<div class=\"elementor-column elementor-col-100 elementor-top-column elementor-element elementor-element-4643972\" data-id=\"4643972\" data-element_type=\"column\">\n\t\t\t<div class=\"elementor-widget-wrap elementor-element-populated\">\n\t\t\t\t\t\t<div class=\"elementor-element elementor-element-6dbeb72 gallery-spacing-custom elementor-widget elementor-widget-image-gallery\" data-id=\"6dbeb72\" data-element_type=\"widget\" data-widget_type=\"image-gallery.default\">\n\t\t\t\t<div class=\"elementor-widget-container\">\n\t\t\t\t\t<div class=\"elementor-image-gallery\">\n\t\t\t<div id='gallery-2' class='gallery galleryid-7445 gallery-columns-3 gallery-size-medium'><figure class='gallery-item'>\n\t\t\t<div class='gallery-icon landscape'>\n\t\t\t\t<a data-elementor-open-lightbox=\"yes\" data-elementor-lightbox-slideshow=\"6dbeb72\" data-elementor-lightbox-title=\"restaurant5\" data-e-action-hash=\"#elementor-action%3Aaction%3Dlightbox%26settings%3DeyJpZCI6NzI4OSwidXJsIjoiaHR0cHM6XC9cL3d3dy50ZWxldnJpbi5jb21cL3dwLWNvbnRlbnRcL3VwbG9hZHNcLzIwMjNcLzA4XC9yZXN0YXVyYW50NS5qcGciLCJzbGlkZXNob3ciOiI2ZGJlYjcyIn0%3D\" href='https:\/\/www.televrin.com\/wp-content\/uploads\/2023\/08\/restaurant5.jpg'><img loading=\"lazy\" decoding=\"async\" width=\"300\" height=\"201\" src=\"https:\/\/www.televrin.com\/wp-content\/uploads\/2023\/08\/restaurant5-300x201.jpg\" class=\"attachment-medium size-medium\" alt=\"\" srcset=\"https:\/\/www.televrin.com\/wp-content\/uploads\/2023\/08\/restaurant5-300x201.jpg 300w, https:\/\/www.televrin.com\/wp-content\/uploads\/2023\/08\/restaurant5-768x514.jpg 768w, https:\/\/www.televrin.com\/wp-content\/uploads\/2023\/08\/restaurant5-80x54.jpg 80w, https:\/\/www.televrin.com\/wp-content\/uploads\/2023\/08\/restaurant5-600x400.jpg 600w, https:\/\/www.televrin.com\/wp-content\/uploads\/2023\/08\/restaurant5.jpg 1024w\" sizes=\"(max-width: 300px) 100vw, 300px\" \/><\/a>\n\t\t\t<\/div><\/figure><figure class='gallery-item'>\n\t\t\t<div class='gallery-icon landscape'>\n\t\t\t\t<a data-elementor-open-lightbox=\"yes\" data-elementor-lightbox-slideshow=\"6dbeb72\" data-elementor-lightbox-title=\"restaurant2\" data-e-action-hash=\"#elementor-action%3Aaction%3Dlightbox%26settings%3DeyJpZCI6NzI3NCwidXJsIjoiaHR0cHM6XC9cL3d3dy50ZWxldnJpbi5jb21cL3dwLWNvbnRlbnRcL3VwbG9hZHNcLzIwMjNcLzA4XC9yZXN0YXVyYW50Mi5qcGciLCJzbGlkZXNob3ciOiI2ZGJlYjcyIn0%3D\" href='https:\/\/www.televrin.com\/wp-content\/uploads\/2023\/08\/restaurant2.jpg'><img loading=\"lazy\" decoding=\"async\" width=\"300\" height=\"205\" src=\"https:\/\/www.televrin.com\/wp-content\/uploads\/2023\/08\/restaurant2-300x205.jpg\" class=\"attachment-medium size-medium\" alt=\"\" srcset=\"https:\/\/www.televrin.com\/wp-content\/uploads\/2023\/08\/restaurant2-300x205.jpg 300w, https:\/\/www.televrin.com\/wp-content\/uploads\/2023\/08\/restaurant2-768x525.jpg 768w, https:\/\/www.televrin.com\/wp-content\/uploads\/2023\/08\/restaurant2-80x55.jpg 80w, https:\/\/www.televrin.com\/wp-content\/uploads\/2023\/08\/restaurant2.jpg 1024w\" sizes=\"(max-width: 300px) 100vw, 300px\" \/><\/a>\n\t\t\t<\/div><\/figure>\n\t\t<\/div>\n\t\t<\/div>\n\t\t\t\t<\/div>\n\t\t\t\t<\/div>\n\t\t\t\t\t<\/div>\n\t\t<\/div>\n\t\t\t\t\t<\/div>\n\t\t<\/section>\n\t\t\t\t<\/div>\n\t\t","protected":false},"excerpt":{"rendered":"<p>na\u0161 restoran Na\u0161 restoran prostire se na razli\u010ditim podru\u010djima, uklju\u010duju\u0107i ostakljenu lo\u0111u s primamljivim pogledom na lu\u010dki bazen. Osim toga, imamo prostranu blagovaonicu i prostranu terasu za sun\u010danje, koja se idili\u010dno otvara prema parku. Raznovrsna ponuda svje\u017eih mediteranskih jela o\u010dekuje vas u na\u0161oj kuhinji. Od svje\u017ee ulovljene ribe iz slikovitog Kvarnerskog zaljeva do delikatne oto\u010dke [&hellip;]<\/p>\n","protected":false},"author":1,"featured_media":0,"parent":0,"menu_order":0,"comment_status":"closed","ping_status":"closed","template":"","meta":{"footnotes":""},"class_list":["post-7445","page","type-page","status-publish","hentry"],"_links":{"self":[{"href":"https:\/\/www.televrin.com\/hr\/wp-json\/wp\/v2\/pages\/7445"}],"collection":[{"href":"https:\/\/www.televrin.com\/hr\/wp-json\/wp\/v2\/pages"}],"about":[{"href":"https:\/\/www.televrin.com\/hr\/wp-json\/wp\/v2\/types\/page"}],"author":[{"embeddable":true,"href":"https:\/\/www.televrin.com\/hr\/wp-json\/wp\/v2\/users\/1"}],"replies":[{"embeddable":true,"href":"https:\/\/www.televrin.com\/hr\/wp-json\/wp\/v2\/comments?post=7445"}],"version-history":[{"count":7,"href":"https:\/\/www.televrin.com\/hr\/wp-json\/wp\/v2\/pages\/7445\/revisions"}],"predecessor-version":[{"id":7968,"href":"https:\/\/www.televrin.com\/hr\/wp-json\/wp\/v2\/pages\/7445\/revisions\/7968"}],"wp:attachment":[{"href":"https:\/\/www.televrin.com\/hr\/wp-json\/wp\/v2\/media?parent=7445"}],"curies":[{"name":"wp","href":"https:\/\/api.w.org\/{rel}","templated":true}]}}