{"id":7450,"date":"2022-04-20T14:01:15","date_gmt":"2022-04-20T12:01:15","guid":{"rendered":"https:\/\/www2.televrin.de\/o-nama\/"},"modified":"2024-03-27T21:05:19","modified_gmt":"2024-03-27T20:05:19","slug":"o-nama","status":"publish","type":"page","link":"https:\/\/www.televrin.com\/hr\/o-nama\/","title":{"rendered":"Na\u0161 hotel"},"content":{"rendered":"\t\t<div data-elementor-type=\"wp-page\" data-elementor-id=\"7450\" class=\"elementor elementor-7450 elementor-40\">\n\t\t\t\t\t\t<section class=\"elementor-section elementor-top-section elementor-element elementor-element-b1a8b69 elementor-section-boxed elementor-section-height-default elementor-section-height-default\" data-id=\"b1a8b69\" data-element_type=\"section\">\n\t\t\t\t\t\t<div class=\"elementor-container elementor-column-gap-default\">\n\t\t\t\t\t<div class=\"elementor-column elementor-col-50 elementor-top-column elementor-element elementor-element-b9241b9\" data-id=\"b9241b9\" data-element_type=\"column\">\n\t\t\t<div class=\"elementor-widget-wrap elementor-element-populated\">\n\t\t\t\t\t\t<div class=\"elementor-element elementor-element-d325efb elementor-widget elementor-widget-heading\" data-id=\"d325efb\" data-element_type=\"widget\" data-widget_type=\"heading.default\">\n\t\t\t\t<div class=\"elementor-widget-container\">\n\t\t\t<style>\/*! elementor - v3.23.0 - 05-08-2024 *\/\n.elementor-heading-title{padding:0;margin:0;line-height:1}.elementor-widget-heading .elementor-heading-title[class*=elementor-size-]>a{color:inherit;font-size:inherit;line-height:inherit}.elementor-widget-heading .elementor-heading-title.elementor-size-small{font-size:15px}.elementor-widget-heading .elementor-heading-title.elementor-size-medium{font-size:19px}.elementor-widget-heading .elementor-heading-title.elementor-size-large{font-size:29px}.elementor-widget-heading .elementor-heading-title.elementor-size-xl{font-size:39px}.elementor-widget-heading .elementor-heading-title.elementor-size-xxl{font-size:59px}<\/style><h2 class=\"elementor-heading-title elementor-size-default\">Hotel<\/h2>\t\t<\/div>\n\t\t\t\t<\/div>\n\t\t\t\t<div class=\"elementor-element elementor-element-ae9f499 elementor-widget elementor-widget-text-editor\" data-id=\"ae9f499\" data-element_type=\"widget\" data-widget_type=\"text-editor.default\">\n\t\t\t\t<div class=\"elementor-widget-container\">\n\t\t\t<style>\/*! elementor - v3.23.0 - 05-08-2024 *\/\n.elementor-widget-text-editor.elementor-drop-cap-view-stacked .elementor-drop-cap{background-color:#69727d;color:#fff}.elementor-widget-text-editor.elementor-drop-cap-view-framed .elementor-drop-cap{color:#69727d;border:3px solid;background-color:transparent}.elementor-widget-text-editor:not(.elementor-drop-cap-view-default) .elementor-drop-cap{margin-top:8px}.elementor-widget-text-editor:not(.elementor-drop-cap-view-default) .elementor-drop-cap-letter{width:1em;height:1em}.elementor-widget-text-editor .elementor-drop-cap{float:left;text-align:center;line-height:1;font-size:50px}.elementor-widget-text-editor .elementor-drop-cap-letter{display:inline-block}<\/style>\t\t\t\t<p>\u272d nudi sav komfor male mediteranske ku\u0107e sa svojih 13 soba i 2 apartmana. Sobe imaju vlastitu kupaonicu, klimatizirane su i opremljene TV-om, telefonom i terasom ili balkonom. Iz njih se pru\u017ea ili pogled na mali lu\u010dki bazen i more ili na terasu hotela s malim parkom i preko seoskog trga do brda Televrin. WiFi je dostupan u hotelu.<\/p>\n<h3>Stan bez barijera<\/h3>\n<p>\u272d od 2016. godine. U tu svrhu pro\u0161irena je i prenamijenjena biv\u0161a trgovina u desnom krilu, uz nju je dogra\u0111ena zasebna terasa i opremljena potrebnim sadr\u017eajima i dimenzijama za pristup osobama s invaliditetom. Ovdje gost sada ima vrhunski pogled u prizemlju s panoramskim prozorom i terasom, a sve skupa je samo desetak eura<\/p>\n\t\t\t\t\t\t<\/div>\n\t\t\t\t<\/div>\n\t\t\t\t\t<\/div>\n\t\t<\/div>\n\t\t\t\t<div class=\"elementor-column elementor-col-50 elementor-top-column elementor-element elementor-element-59b91c8\" data-id=\"59b91c8\" data-element_type=\"column\">\n\t\t\t<div class=\"elementor-widget-wrap elementor-element-populated\">\n\t\t\t\t\t\t<div class=\"elementor-element elementor-element-6b82559 elementor-widget elementor-widget-image\" data-id=\"6b82559\" data-element_type=\"widget\" data-widget_type=\"image.default\">\n\t\t\t\t<div class=\"elementor-widget-container\">\n\t\t\t<style>\/*! elementor - v3.23.0 - 05-08-2024 *\/\n.elementor-widget-image{text-align:center}.elementor-widget-image a{display:inline-block}.elementor-widget-image a img[src$=\".svg\"]{width:48px}.elementor-widget-image img{vertical-align:middle;display:inline-block}<\/style>\t\t\t\t\t\t\t\t\t\t<img fetchpriority=\"high\" decoding=\"async\" width=\"860\" height=\"579\" src=\"https:\/\/www.televrin.com\/wp-content\/uploads\/2023\/10\/Televrin_ppt_12.jpg\" class=\"attachment-large size-large wp-image-7679\" alt=\"\" srcset=\"https:\/\/www.televrin.com\/wp-content\/uploads\/2023\/10\/Televrin_ppt_12.jpg 860w, https:\/\/www.televrin.com\/wp-content\/uploads\/2023\/10\/Televrin_ppt_12-300x202.jpg 300w, https:\/\/www.televrin.com\/wp-content\/uploads\/2023\/10\/Televrin_ppt_12-768x517.jpg 768w, https:\/\/www.televrin.com\/wp-content\/uploads\/2023\/10\/Televrin_ppt_12-80x54.jpg 80w\" sizes=\"(max-width: 860px) 100vw, 860px\" \/>\t\t\t\t\t\t\t\t\t\t\t\t\t<\/div>\n\t\t\t\t<\/div>\n\t\t\t\t\t<\/div>\n\t\t<\/div>\n\t\t\t\t\t<\/div>\n\t\t<\/section>\n\t\t\t\t<section class=\"elementor-section elementor-top-section elementor-element elementor-element-fced7d7 elementor-section-boxed elementor-section-height-default elementor-section-height-default\" data-id=\"fced7d7\" data-element_type=\"section\">\n\t\t\t\t\t\t<div class=\"elementor-container elementor-column-gap-default\">\n\t\t\t\t\t<div class=\"elementor-column elementor-col-100 elementor-top-column elementor-element elementor-element-c15b86c\" data-id=\"c15b86c\" data-element_type=\"column\">\n\t\t\t<div class=\"elementor-widget-wrap elementor-element-populated\">\n\t\t\t\t\t\t<div class=\"elementor-element elementor-element-72d0330 elementor-widget elementor-widget-image\" data-id=\"72d0330\" data-element_type=\"widget\" data-widget_type=\"image.default\">\n\t\t\t\t<div class=\"elementor-widget-container\">\n\t\t\t\t\t\t\t\t\t\t\t\t\t<img decoding=\"async\" width=\"1080\" height=\"500\" src=\"https:\/\/www.televrin.com\/wp-content\/uploads\/2023\/06\/TELEVRIN-3-1080x500.jpg\" class=\"attachment-himara_image_size_1170_500 size-himara_image_size_1170_500 wp-image-6844\" alt=\"\" \/>\t\t\t\t\t\t\t\t\t\t\t\t\t<\/div>\n\t\t\t\t<\/div>\n\t\t\t\t\t<\/div>\n\t\t<\/div>\n\t\t\t\t\t<\/div>\n\t\t<\/section>\n\t\t\t\t<section class=\"elementor-section elementor-top-section elementor-element elementor-element-b7c27af elementor-section-boxed elementor-section-height-default elementor-section-height-default\" data-id=\"b7c27af\" data-element_type=\"section\">\n\t\t\t\t\t\t<div class=\"elementor-container elementor-column-gap-no\">\n\t\t\t\t\t<div class=\"elementor-column elementor-col-100 elementor-top-column elementor-element elementor-element-1bf186e\" data-id=\"1bf186e\" data-element_type=\"column\">\n\t\t\t<div class=\"elementor-widget-wrap\">\n\t\t\t\t\t\t\t<\/div>\n\t\t<\/div>\n\t\t\t\t\t<\/div>\n\t\t<\/section>\n\t\t\t\t<\/div>\n\t\t","protected":false},"excerpt":{"rendered":"<p>Hotel \u272d nudi sav komfor male mediteranske ku\u0107e sa svojih 13 soba i 2 apartmana. Sobe imaju vlastitu kupaonicu, klimatizirane su i opremljene TV-om, telefonom i terasom ili balkonom. Iz njih se pru\u017ea ili pogled na mali lu\u010dki bazen i more ili na terasu hotela s malim parkom i preko seoskog trga do brda Televrin. [&hellip;]<\/p>\n","protected":false},"author":1,"featured_media":0,"parent":0,"menu_order":0,"comment_status":"closed","ping_status":"closed","template":"","meta":{"footnotes":""},"class_list":["post-7450","page","type-page","status-publish","hentry"],"_links":{"self":[{"href":"https:\/\/www.televrin.com\/hr\/wp-json\/wp\/v2\/pages\/7450"}],"collection":[{"href":"https:\/\/www.televrin.com\/hr\/wp-json\/wp\/v2\/pages"}],"about":[{"href":"https:\/\/www.televrin.com\/hr\/wp-json\/wp\/v2\/types\/page"}],"author":[{"embeddable":true,"href":"https:\/\/www.televrin.com\/hr\/wp-json\/wp\/v2\/users\/1"}],"replies":[{"embeddable":true,"href":"https:\/\/www.televrin.com\/hr\/wp-json\/wp\/v2\/comments?post=7450"}],"version-history":[{"count":3,"href":"https:\/\/www.televrin.com\/hr\/wp-json\/wp\/v2\/pages\/7450\/revisions"}],"predecessor-version":[{"id":7921,"href":"https:\/\/www.televrin.com\/hr\/wp-json\/wp\/v2\/pages\/7450\/revisions\/7921"}],"wp:attachment":[{"href":"https:\/\/www.televrin.com\/hr\/wp-json\/wp\/v2\/media?parent=7450"}],"curies":[{"name":"wp","href":"https:\/\/api.w.org\/{rel}","templated":true}]}}