{"id":7427,"date":"2022-04-26T13:55:43","date_gmt":"2022-04-26T11:55:43","guid":{"rendered":"https:\/\/www2.televrin.de\/le-vostre-opzioni-di-viaggio\/"},"modified":"2023-09-17T23:55:34","modified_gmt":"2023-09-17T21:55:34","slug":"le-vostre-opzioni-di-viaggio","status":"publish","type":"page","link":"https:\/\/www.televrin.com\/it\/le-vostre-opzioni-di-viaggio\/","title":{"rendered":"Le vostre opzioni di viaggio"},"content":{"rendered":"\t\t<div data-elementor-type=\"wp-page\" data-elementor-id=\"7427\" class=\"elementor elementor-7427 elementor-222\">\n\t\t\t\t\t\t<section class=\"elementor-section elementor-top-section elementor-element elementor-element-5ca4164 elementor-section-boxed elementor-section-height-default elementor-section-height-default\" data-id=\"5ca4164\" data-element_type=\"section\">\n\t\t\t\t\t\t<div class=\"elementor-container elementor-column-gap-default\">\n\t\t\t\t\t<div class=\"elementor-column elementor-col-100 elementor-top-column elementor-element elementor-element-fa7ce83\" data-id=\"fa7ce83\" data-element_type=\"column\">\n\t\t\t<div class=\"elementor-widget-wrap elementor-element-populated\">\n\t\t\t\t\t\t<div class=\"elementor-element elementor-element-f0ecea3 elementor-widget elementor-widget-text-editor\" data-id=\"f0ecea3\" data-element_type=\"widget\" data-widget_type=\"text-editor.default\">\n\t\t\t\t<div class=\"elementor-widget-container\">\n\t\t\t<style>\/*! elementor - v3.23.0 - 05-08-2024 *\/\n.elementor-widget-text-editor.elementor-drop-cap-view-stacked .elementor-drop-cap{background-color:#69727d;color:#fff}.elementor-widget-text-editor.elementor-drop-cap-view-framed .elementor-drop-cap{color:#69727d;border:3px solid;background-color:transparent}.elementor-widget-text-editor:not(.elementor-drop-cap-view-default) .elementor-drop-cap{margin-top:8px}.elementor-widget-text-editor:not(.elementor-drop-cap-view-default) .elementor-drop-cap-letter{width:1em;height:1em}.elementor-widget-text-editor .elementor-drop-cap{float:left;text-align:center;line-height:1;font-size:50px}.elementor-widget-text-editor .elementor-drop-cap-letter{display:inline-block}<\/style>\t\t\t\t<h3>In auto<\/h3>\n<p>\u272d A Rijeka, poi via Opatija al traghetto per Brestova, traversata per Porozina,<br \/>proseguire sulle strade dell&#8217;isola passando per Cres e Osor fino a Nerezine. Oppure da Rijeka via Krk fino al traghetto per Valbiska, attraversare Merag, continuare sulle strade dell&#8217;isola via Cres e Osor fino a Nerezine.<\/p>\n<p>Calcolate il vostro itinerario!  <a href=\"http:\/\/maps.google.de\/\" target=\"_blank\" rel=\"noopener\">Google Maps<\/a><br \/>Pianifica il tuo itinerario in traghetto per <a href=\"http:\/\/www.jadrolinija.hr\/\" target=\"_blank\" rel=\"noopener\">Jadrolinija<\/a><\/p>\n<h3>In treno<\/h3>\n<p>\u272d A Rijeka (dal treno notturno di Monaco di Baviera) poi in autobus pubblico pi\u00f9 volte al giorno fino a<br \/>Nerezine o con il traghetto veloce per Cres e poi con l&#8217;autobus di linea per Nerezine.<br \/><a href=\"https:\/\/www.arriva.com.hr\/de-de\/home\">www.arriva.com.hr<\/a><\/p>\n<h3>Da Vienna in autobus fino a Osor<\/h3>\n<p>In estate, l&#8217;autobus balneare parte da Vienna VIB per Mali Losinj fino all&#8217;Hotel Bellevue\/Cikat Bay. L&#8217;autobus dell&#8217;hotel vi verr\u00e0 a prendere alla fermata di Osor, a 3 km dall&#8217;Hotel Televrin***.<\/p>\n<h3>In aereo<\/h3>\n<p>Diverse compagnie aeree volano a Rijeka\/Krk pi\u00f9 volte alla settimana durante la stagione, potete trovare tutti i collegamenti qui sulla pagina dell&#8217;<a href=\"http:\/\/rijeka-airport.hr\/\" target=\"_blank\" rel=\"noopener\">aeroporto di Rijeka<\/a>. Da l\u00ec in auto a noleggio,<a href=\"http:\/\/www.rijeka-airport.hr\/index_eng.asp\" target=\"_blank\" rel=\"noopener\"> taxi<\/a> o autobus fino a Nerezine.<br \/>Ci sono anche collegamenti aerei tutto l&#8217;anno con Zagabria. Da l\u00ec si pu\u00f2 partire con un&#8217;auto a noleggio o con l&#8217;autobus, che parte pi\u00f9 volte al giorno dalla stazione degli autobus di Zagabria e arriva direttamente a Nerezine.<br \/>Servizio navetta!<\/p>\n<p>Per tutti gli ospiti dell&#8217;hotel che atterrano a Rijeka offriamo un servizio di navetta dal traghetto all&#8217;hotel; saremo lieti di organizzare il trasferimento dall&#8217;aeroporto.<\/p>\n\t\t\t\t\t\t<\/div>\n\t\t\t\t<\/div>\n\t\t\t\t\t<\/div>\n\t\t<\/div>\n\t\t\t\t\t<\/div>\n\t\t<\/section>\n\t\t\t\t<\/div>\n\t\t","protected":false},"excerpt":{"rendered":"<p>In auto \u272d A Rijeka, poi via Opatija al traghetto per Brestova, traversata per Porozina, proseguire sulle strade dell&#8217;isola passando per Cres e Osor fino a Nerezine. Oppure da Rijeka via Krk fino al traghetto per Valbiska, attraversare Merag, continuare sulle strade dell&#8217;isola via Cres e Osor fino a Nerezine. Calcolate il vostro itinerario! Google [&hellip;]<\/p>\n","protected":false},"author":1,"featured_media":0,"parent":0,"menu_order":0,"comment_status":"closed","ping_status":"closed","template":"","meta":{"footnotes":""},"class_list":["post-7427","page","type-page","status-publish","hentry"],"_links":{"self":[{"href":"https:\/\/www.televrin.com\/it\/wp-json\/wp\/v2\/pages\/7427"}],"collection":[{"href":"https:\/\/www.televrin.com\/it\/wp-json\/wp\/v2\/pages"}],"about":[{"href":"https:\/\/www.televrin.com\/it\/wp-json\/wp\/v2\/types\/page"}],"author":[{"embeddable":true,"href":"https:\/\/www.televrin.com\/it\/wp-json\/wp\/v2\/users\/1"}],"replies":[{"embeddable":true,"href":"https:\/\/www.televrin.com\/it\/wp-json\/wp\/v2\/comments?post=7427"}],"version-history":[{"count":2,"href":"https:\/\/www.televrin.com\/it\/wp-json\/wp\/v2\/pages\/7427\/revisions"}],"predecessor-version":[{"id":7561,"href":"https:\/\/www.televrin.com\/it\/wp-json\/wp\/v2\/pages\/7427\/revisions\/7561"}],"wp:attachment":[{"href":"https:\/\/www.televrin.com\/it\/wp-json\/wp\/v2\/media?parent=7427"}],"curies":[{"name":"wp","href":"https:\/\/api.w.org\/{rel}","templated":true}]}}